{"id":2687,"date":"2019-10-21T12:02:32","date_gmt":"2019-10-21T12:02:32","guid":{"rendered":"https:\/\/amplifygrowth.se\/sunshine\/?page_id=8"},"modified":"2022-09-02T15:24:28","modified_gmt":"2022-09-02T15:24:28","slug":"om-amplify-growth","status":"publish","type":"page","link":"https:\/\/amplifygrowth.se\/sunshine\/om-amplify-growth\/","title":{"rendered":"Om Amplify Growth"},"content":{"rendered":"<p><div class=\"fusion-fullwidth fullwidth-box fusion-builder-row-1 fusion-flex-container has-pattern-background has-mask-background nonhundred-percent-fullwidth non-hundred-percent-height-scrolling fusion-no-small-visibility\" style=\"--awb-border-radius-top-left:0px;--awb-border-radius-top-right:0px;--awb-border-radius-bottom-right:0px;--awb-border-radius-bottom-left:0px;--awb-padding-right:12%;--awb-padding-bottom:0%;--awb-padding-left:12%;--awb-padding-right-medium:8%;--awb-padding-left-medium:8%;--awb-padding-right-small:40px;--awb-padding-left-small:40px;--awb-margin-bottom:0px;--awb-flex-wrap:wrap;\" ><div class=\"fusion-builder-row fusion-row fusion-flex-align-items-flex-start fusion-flex-content-wrap\" style=\"max-width:95.68%;margin-left: calc(-4% \/ 2 );margin-right: calc(-4% \/ 2 );\"><div class=\"fusion-layout-column fusion_builder_column fusion-builder-column-0 fusion_builder_column_2_5 2_5 fusion-flex-column fusion-no-small-visibility fusion-animated\" style=\"--awb-bg-size:cover;--awb-width-large:40%;--awb-margin-top-large:0px;--awb-spacing-right-large:6.72%;--awb-margin-bottom-large:20px;--awb-spacing-left-large:4.8%;--awb-width-medium:100%;--awb-order-medium:0;--awb-spacing-right-medium:1.92%;--awb-spacing-left-medium:1.92%;--awb-width-small:100%;--awb-order-small:0;--awb-spacing-right-small:1.92%;--awb-spacing-left-small:1.92%;\" data-animationType=\"fadeInLeft\" data-animationDuration=\"1.0\" data-animationOffset=\"top-into-view\"><div class=\"fusion-column-wrapper fusion-column-has-shadow fusion-flex-justify-content-flex-start fusion-content-layout-column\"><div class=\"fusion-image-element \" style=\"--awb-caption-title-font-family:var(--h2_typography-font-family);--awb-caption-title-font-weight:var(--h2_typography-font-weight);--awb-caption-title-font-style:var(--h2_typography-font-style);--awb-caption-title-size:var(--h2_typography-font-size);--awb-caption-title-transform:var(--h2_typography-text-transform);--awb-caption-title-line-height:var(--h2_typography-line-height);--awb-caption-title-letter-spacing:var(--h2_typography-letter-spacing);\"><span class=\" fusion-imageframe imageframe-none imageframe-1 hover-type-none\"><img decoding=\"async\" width=\"1768\" height=\"1690\" title=\"ronja-om-amplify\" src=\"https:\/\/amplifygrowth.se\/sunshine\/wp-content\/uploads\/2022\/07\/ronja-om-amplify.png\" data-orig-src=\"https:\/\/amplifygrowth.se\/sunshine\/wp-content\/uploads\/2022\/07\/ronja-om-amplify.png\" alt class=\"lazyload img-responsive wp-image-2727\" srcset=\"data:image\/svg+xml,%3Csvg%20xmlns%3D%27http%3A%2F%2Fwww.w3.org%2F2000%2Fsvg%27%20width%3D%271768%27%20height%3D%271690%27%20viewBox%3D%270%200%201768%201690%27%3E%3Crect%20width%3D%271768%27%20height%3D%271690%27%20fill-opacity%3D%220%22%2F%3E%3C%2Fsvg%3E\" data-srcset=\"https:\/\/amplifygrowth.se\/sunshine\/wp-content\/uploads\/2022\/07\/ronja-om-amplify-200x191.png 200w, https:\/\/amplifygrowth.se\/sunshine\/wp-content\/uploads\/2022\/07\/ronja-om-amplify-400x382.png 400w, https:\/\/amplifygrowth.se\/sunshine\/wp-content\/uploads\/2022\/07\/ronja-om-amplify-600x574.png 600w, https:\/\/amplifygrowth.se\/sunshine\/wp-content\/uploads\/2022\/07\/ronja-om-amplify-800x765.png 800w, https:\/\/amplifygrowth.se\/sunshine\/wp-content\/uploads\/2022\/07\/ronja-om-amplify-1200x1147.png 1200w, https:\/\/amplifygrowth.se\/sunshine\/wp-content\/uploads\/2022\/07\/ronja-om-amplify.png 1768w\" data-sizes=\"auto\" data-orig-sizes=\"(max-width: 1075px) 100vw, (max-width: 640px) 100vw, 800px\" \/><\/span><\/div><\/div><\/div><div class=\"fusion-layout-column fusion_builder_column fusion-builder-column-1 fusion_builder_column_3_5 3_5 fusion-flex-column fusion-no-small-visibility fusion-animated\" style=\"--awb-bg-size:cover;--awb-width-large:60%;--awb-margin-top-large:0px;--awb-spacing-right-large:3.2%;--awb-margin-bottom-large:20px;--awb-spacing-left-large:8%;--awb-width-medium:100%;--awb-order-medium:0;--awb-spacing-right-medium:1.92%;--awb-spacing-left-medium:1.92%;--awb-width-small:100%;--awb-order-small:0;--awb-spacing-right-small:1.92%;--awb-spacing-left-small:1.92%;\" data-animationType=\"fadeInRight\" data-animationDuration=\"1.0\" data-animationOffset=\"top-into-view\"><div class=\"fusion-column-wrapper fusion-column-has-shadow fusion-flex-justify-content-flex-start fusion-content-layout-column\"><div class=\"fusion-text fusion-text-1 fusion-no-small-visibility\"><p><strong>V\u00e4lm\u00e5ende, autonomi, nyfikenhet och trygghet leder till enast\u00e5ende resultat.<\/strong> Jag startade Amplify Growth med detta som min k\u00e4rna. Att kompromissl\u00f6st och lyh\u00f6rt jobba f\u00f6r att er tillv\u00e4xt b\u00f6rjar med tillv\u00e4xten inom m\u00e4nniskorna ni har valt till era medarbetare.<\/p>\n<p>Amplify Growth b\u00f6rjade v\u00e4xa i id\u00e9n om att jag beh\u00f6ver leva som jag l\u00e4r, i autonomi och trygghet men ocks\u00e5 i denna fulla \u00f6vertygelsen om att jag sitter p\u00e5 en verktygsl\u00e5da som g\u00f6r det m\u00f6jligt f\u00f6r andra att skapa magi.<\/p>\n<p><span style=\"font-weight: 400;\">\u201cEmpower people and build a business so strong, that you don\u2019t know who the boss is.\u201d\u00a0<\/span><\/p>\n<p><i><span style=\"font-weight: 400;\">Ronja Bromander<\/span><\/i><\/p>\n<\/div><\/div><\/div><\/div><\/div><div class=\"fusion-fullwidth fullwidth-box fusion-builder-row-2 fusion-flex-container has-pattern-background has-mask-background nonhundred-percent-fullwidth non-hundred-percent-height-scrolling fusion-no-medium-visibility fusion-no-large-visibility\" style=\"--awb-border-radius-top-left:0px;--awb-border-radius-top-right:0px;--awb-border-radius-bottom-right:0px;--awb-border-radius-bottom-left:0px;--awb-padding-right:12%;--awb-padding-bottom:0%;--awb-padding-left:12%;--awb-padding-right-medium:8%;--awb-padding-left-medium:8%;--awb-padding-right-small:40px;--awb-padding-left-small:40px;--awb-margin-bottom:0px;--awb-flex-wrap:wrap;\" ><div class=\"fusion-builder-row fusion-row fusion-flex-align-items-flex-start fusion-flex-content-wrap\" style=\"max-width:95.68%;margin-left: calc(-4% \/ 2 );margin-right: calc(-4% \/ 2 );\"><div class=\"fusion-layout-column fusion_builder_column fusion-builder-column-2 fusion_builder_column_1_1 1_1 fusion-flex-column fusion-no-medium-visibility fusion-no-large-visibility fusion-animated\" style=\"--awb-bg-size:cover;--awb-width-large:100%;--awb-margin-top-large:20px;--awb-spacing-right-large:1.92%;--awb-margin-bottom-large:20px;--awb-spacing-left-large:1.92%;--awb-width-medium:100%;--awb-order-medium:0;--awb-spacing-right-medium:1.92%;--awb-spacing-left-medium:1.92%;--awb-width-small:100%;--awb-order-small:0;--awb-spacing-right-small:1.92%;--awb-spacing-left-small:1.92%;\" data-animationType=\"fadeInLeft\" data-animationDuration=\"1.0\" data-animationOffset=\"top-into-view\"><div class=\"fusion-column-wrapper fusion-column-has-shadow fusion-flex-justify-content-flex-start fusion-content-layout-column\"><div class=\"fusion-image-element \" style=\"--awb-caption-title-font-family:var(--h2_typography-font-family);--awb-caption-title-font-weight:var(--h2_typography-font-weight);--awb-caption-title-font-style:var(--h2_typography-font-style);--awb-caption-title-size:var(--h2_typography-font-size);--awb-caption-title-transform:var(--h2_typography-text-transform);--awb-caption-title-line-height:var(--h2_typography-line-height);--awb-caption-title-letter-spacing:var(--h2_typography-letter-spacing);\"><span class=\" fusion-imageframe imageframe-none imageframe-2 hover-type-none\"><img decoding=\"async\" width=\"1768\" height=\"1690\" title=\"ronja-om-amplify\" src=\"https:\/\/amplifygrowth.se\/sunshine\/wp-content\/uploads\/2022\/07\/ronja-om-amplify.png\" data-orig-src=\"https:\/\/amplifygrowth.se\/sunshine\/wp-content\/uploads\/2022\/07\/ronja-om-amplify.png\" alt class=\"lazyload img-responsive wp-image-2727\" srcset=\"data:image\/svg+xml,%3Csvg%20xmlns%3D%27http%3A%2F%2Fwww.w3.org%2F2000%2Fsvg%27%20width%3D%271768%27%20height%3D%271690%27%20viewBox%3D%270%200%201768%201690%27%3E%3Crect%20width%3D%271768%27%20height%3D%271690%27%20fill-opacity%3D%220%22%2F%3E%3C%2Fsvg%3E\" data-srcset=\"https:\/\/amplifygrowth.se\/sunshine\/wp-content\/uploads\/2022\/07\/ronja-om-amplify-200x191.png 200w, https:\/\/amplifygrowth.se\/sunshine\/wp-content\/uploads\/2022\/07\/ronja-om-amplify-400x382.png 400w, https:\/\/amplifygrowth.se\/sunshine\/wp-content\/uploads\/2022\/07\/ronja-om-amplify-600x574.png 600w, https:\/\/amplifygrowth.se\/sunshine\/wp-content\/uploads\/2022\/07\/ronja-om-amplify-800x765.png 800w, https:\/\/amplifygrowth.se\/sunshine\/wp-content\/uploads\/2022\/07\/ronja-om-amplify-1200x1147.png 1200w, https:\/\/amplifygrowth.se\/sunshine\/wp-content\/uploads\/2022\/07\/ronja-om-amplify.png 1768w\" data-sizes=\"auto\" data-orig-sizes=\"(max-width: 1075px) 100vw, (max-width: 640px) 100vw, 1768px\" \/><\/span><\/div><\/div><\/div><div class=\"fusion-layout-column fusion_builder_column fusion-builder-column-3 fusion_builder_column_1_1 1_1 fusion-flex-column fusion-no-medium-visibility fusion-no-large-visibility fusion-animated\" style=\"--awb-bg-size:cover;--awb-width-large:100%;--awb-margin-top-large:0px;--awb-spacing-right-large:1.92%;--awb-margin-bottom-large:20px;--awb-spacing-left-large:4.8%;--awb-width-medium:100%;--awb-order-medium:0;--awb-spacing-right-medium:1.92%;--awb-spacing-left-medium:1.92%;--awb-width-small:100%;--awb-order-small:0;--awb-spacing-right-small:1.92%;--awb-spacing-left-small:1.92%;\" data-animationType=\"fadeInRight\" data-animationDuration=\"1.0\" data-animationOffset=\"top-into-view\"><div class=\"fusion-column-wrapper fusion-column-has-shadow fusion-flex-justify-content-flex-start fusion-content-layout-column\"><div class=\"fusion-text fusion-text-2 fusion-no-medium-visibility fusion-no-large-visibility\"><p><strong>V\u00e4lm\u00e5ende, autonomi, nyfikenhet och trygghet leder till enast\u00e5ende resultat.<\/strong> Jag startade Amplify Growth med detta som min k\u00e4rna. Att kompromissl\u00f6st och lyh\u00f6rt jobba f\u00f6r att er tillv\u00e4xt b\u00f6rjar med tillv\u00e4xten inom m\u00e4nniskorna ni har valt till era medarbetare.<\/p>\n<p>Amplify Growth b\u00f6rjade v\u00e4xa i id\u00e9n om att jag beh\u00f6ver leva som jag l\u00e4r, i autonomi och trygghet men ocks\u00e5 i denna fulla \u00f6vertygelsen om att jag sitter p\u00e5 en verktygsl\u00e5da som g\u00f6r det m\u00f6jligt f\u00f6r andra att skapa magi.<\/p>\n<p><span style=\"font-weight: 400;\">\u201cEmpower people and build a business so strong, that you don\u2019t know who the boss is.\u201d\u00a0<\/span><\/p>\n<p><i><span style=\"font-weight: 400;\">Ronja Bromander<\/span><\/i><\/p>\n<\/div><\/div><\/div><\/div><\/div><\/p>\n","protected":false},"excerpt":{"rendered":"","protected":false},"author":1,"featured_media":2784,"parent":0,"menu_order":0,"comment_status":"closed","ping_status":"closed","template":"100-width.php","meta":{"footnotes":""},"class_list":["post-2687","page","type-page","status-publish","has-post-thumbnail","hentry"],"_links":{"self":[{"href":"https:\/\/amplifygrowth.se\/sunshine\/wp-json\/wp\/v2\/pages\/2687","targetHints":{"allow":["GET"]}}],"collection":[{"href":"https:\/\/amplifygrowth.se\/sunshine\/wp-json\/wp\/v2\/pages"}],"about":[{"href":"https:\/\/amplifygrowth.se\/sunshine\/wp-json\/wp\/v2\/types\/page"}],"author":[{"embeddable":true,"href":"https:\/\/amplifygrowth.se\/sunshine\/wp-json\/wp\/v2\/users\/1"}],"replies":[{"embeddable":true,"href":"https:\/\/amplifygrowth.se\/sunshine\/wp-json\/wp\/v2\/comments?post=2687"}],"version-history":[{"count":21,"href":"https:\/\/amplifygrowth.se\/sunshine\/wp-json\/wp\/v2\/pages\/2687\/revisions"}],"predecessor-version":[{"id":3187,"href":"https:\/\/amplifygrowth.se\/sunshine\/wp-json\/wp\/v2\/pages\/2687\/revisions\/3187"}],"wp:featuredmedia":[{"embeddable":true,"href":"https:\/\/amplifygrowth.se\/sunshine\/wp-json\/wp\/v2\/media\/2784"}],"wp:attachment":[{"href":"https:\/\/amplifygrowth.se\/sunshine\/wp-json\/wp\/v2\/media?parent=2687"}],"curies":[{"name":"wp","href":"https:\/\/api.w.org\/{rel}","templated":true}]}}